{"id":8,"date":"2020-04-15T22:21:38","date_gmt":"2020-04-15T20:21:38","guid":{"rendered":"http:\/\/reso-nance.org\/sophieabraham\/?page_id=8"},"modified":"2020-04-16T22:00:32","modified_gmt":"2020-04-16T20:00:32","slug":"contact","status":"publish","type":"page","link":"https:\/\/reso-nance.org\/sophieabraham\/contact\/","title":{"rendered":"Contact"},"content":{"rendered":"\n<h3 class=\"wp-block-heading\">Contactez moi via ce formulaire, <br>Merci et \u00e0 bient\u00f4t !<\/h3>\n\n\n\n\n<div class=\"wpcf7 no-js\" id=\"wpcf7-f81-o1\" lang=\"fr-FR\" dir=\"ltr\">\n<div class=\"screen-reader-response\"><p role=\"status\" aria-live=\"polite\" aria-atomic=\"true\"><\/p> <ul><\/ul><\/div>\n<form action=\"\/sophieabraham\/wp-json\/wp\/v2\/pages\/8#wpcf7-f81-o1\" method=\"post\" class=\"wpcf7-form init\" aria-label=\"Formulaire de contact\" novalidate=\"novalidate\" data-status=\"init\">\n<div style=\"display: none;\">\n<input type=\"hidden\" name=\"_wpcf7\" value=\"81\" \/>\n<input type=\"hidden\" name=\"_wpcf7_version\" value=\"5.7.3\" \/>\n<input type=\"hidden\" name=\"_wpcf7_locale\" value=\"fr_FR\" \/>\n<input type=\"hidden\" name=\"_wpcf7_unit_tag\" value=\"wpcf7-f81-o1\" \/>\n<input type=\"hidden\" name=\"_wpcf7_container_post\" value=\"0\" \/>\n<input type=\"hidden\" name=\"_wpcf7_posted_data_hash\" value=\"\" \/>\n<\/div>\n<p><label> Votre nom (obligatoire)<br \/>\n<span class=\"wpcf7-form-control-wrap\" data-name=\"your-name\"><input size=\"40\" class=\"wpcf7-form-control wpcf7-text wpcf7-validates-as-required\" aria-required=\"true\" aria-invalid=\"false\" value=\"\" type=\"text\" name=\"your-name\" \/><\/span> <\/label>\n<\/p>\n<p><label> Votre adresse de messagerie (obligatoire)<br \/>\n<span class=\"wpcf7-form-control-wrap\" data-name=\"your-email\"><input size=\"40\" class=\"wpcf7-form-control wpcf7-text wpcf7-email wpcf7-validates-as-required wpcf7-validates-as-email\" aria-required=\"true\" aria-invalid=\"false\" value=\"\" type=\"email\" name=\"your-email\" \/><\/span> <\/label>\n<\/p>\n<p><label> Objet<br \/>\n<span class=\"wpcf7-form-control-wrap\" data-name=\"your-subject\"><input size=\"40\" class=\"wpcf7-form-control wpcf7-text\" aria-invalid=\"false\" value=\"\" type=\"text\" name=\"your-subject\" \/><\/span> <\/label>\n<\/p>\n<p><label> Votre message<br \/>\n<span class=\"wpcf7-form-control-wrap\" data-name=\"your-message\"><textarea cols=\"40\" rows=\"10\" class=\"wpcf7-form-control wpcf7-textarea\" aria-invalid=\"false\" name=\"your-message\"><\/textarea><\/span> <\/label>\n<\/p>\n<p><input class=\"wpcf7-form-control has-spinner wpcf7-submit\" type=\"submit\" value=\"Envoyer\" \/>\n<\/p><p style=\"display: none !important;\" class=\"akismet-fields-container\" data-prefix=\"_wpcf7_ak_\"><label>&#916;<textarea name=\"_wpcf7_ak_hp_textarea\" cols=\"45\" rows=\"8\" maxlength=\"100\"><\/textarea><\/label><input type=\"hidden\" id=\"ak_js_1\" name=\"_wpcf7_ak_js\" value=\"0\"\/><script>document.getElementById( \"ak_js_1\" ).setAttribute( \"value\", ( new Date() ).getTime() );<\/script><\/p><div class=\"wpcf7-response-output\" aria-hidden=\"true\"><\/div>\n<\/form>\n<\/div>\n\n","protected":false},"excerpt":{"rendered":"<p>Contactez moi via ce formulaire, Merci et \u00e0 bient\u00f4t !<\/p>\n","protected":false},"author":1,"featured_media":0,"parent":0,"menu_order":0,"comment_status":"closed","ping_status":"closed","template":"","meta":{"footnotes":""},"yoast_head":"<!-- This site is optimized with the Yoast SEO plugin v20.0 - https:\/\/yoast.com\/wordpress\/plugins\/seo\/ -->\n<title>Contact - Sophie Abraham<\/title>\n<meta name=\"robots\" content=\"index, follow, max-snippet:-1, max-image-preview:large, max-video-preview:-1\" \/>\n<link rel=\"canonical\" href=\"https:\/\/reso-nance.org\/sophieabraham\/contact\/\" \/>\n<meta property=\"og:locale\" content=\"fr_FR\" \/>\n<meta property=\"og:type\" content=\"article\" \/>\n<meta property=\"og:title\" content=\"Contact - Sophie Abraham\" \/>\n<meta property=\"og:description\" content=\"Contactez moi via ce formulaire, Merci et \u00e0 bient\u00f4t !\" \/>\n<meta property=\"og:url\" content=\"https:\/\/reso-nance.org\/sophieabraham\/contact\/\" \/>\n<meta property=\"og:site_name\" content=\"Sophie Abraham\" \/>\n<meta property=\"article:modified_time\" content=\"2020-04-16T20:00:32+00:00\" \/>\n<meta name=\"twitter:card\" content=\"summary_large_image\" \/>\n<script type=\"application\/ld+json\" class=\"yoast-schema-graph\">{\"@context\":\"https:\/\/schema.org\",\"@graph\":[{\"@type\":\"WebPage\",\"@id\":\"https:\/\/reso-nance.org\/sophieabraham\/contact\/\",\"url\":\"https:\/\/reso-nance.org\/sophieabraham\/contact\/\",\"name\":\"Contact - Sophie Abraham\",\"isPartOf\":{\"@id\":\"https:\/\/reso-nance.org\/sophieabraham\/#website\"},\"datePublished\":\"2020-04-15T20:21:38+00:00\",\"dateModified\":\"2020-04-16T20:00:32+00:00\",\"breadcrumb\":{\"@id\":\"https:\/\/reso-nance.org\/sophieabraham\/contact\/#breadcrumb\"},\"inLanguage\":\"fr-FR\",\"potentialAction\":[{\"@type\":\"ReadAction\",\"target\":[\"https:\/\/reso-nance.org\/sophieabraham\/contact\/\"]}]},{\"@type\":\"BreadcrumbList\",\"@id\":\"https:\/\/reso-nance.org\/sophieabraham\/contact\/#breadcrumb\",\"itemListElement\":[{\"@type\":\"ListItem\",\"position\":1,\"name\":\"Accueil\",\"item\":\"https:\/\/reso-nance.org\/sophieabraham\/\"},{\"@type\":\"ListItem\",\"position\":2,\"name\":\"Contact\"}]},{\"@type\":\"WebSite\",\"@id\":\"https:\/\/reso-nance.org\/sophieabraham\/#website\",\"url\":\"https:\/\/reso-nance.org\/sophieabraham\/\",\"name\":\"Sophie Abraham - Arts visuels et ateliers\",\"description\":\"\",\"publisher\":{\"@id\":\"https:\/\/reso-nance.org\/sophieabraham\/#\/schema\/person\/4f45bbb47675973d82d19935df8a3f8f\"},\"potentialAction\":[{\"@type\":\"SearchAction\",\"target\":{\"@type\":\"EntryPoint\",\"urlTemplate\":\"https:\/\/reso-nance.org\/sophieabraham\/?s={search_term_string}\"},\"query-input\":\"required name=search_term_string\"}],\"inLanguage\":\"fr-FR\"},{\"@type\":[\"Person\",\"Organization\"],\"@id\":\"https:\/\/reso-nance.org\/sophieabraham\/#\/schema\/person\/4f45bbb47675973d82d19935df8a3f8f\",\"name\":\"sophie\",\"image\":{\"@type\":\"ImageObject\",\"inLanguage\":\"fr-FR\",\"@id\":\"https:\/\/reso-nance.org\/sophieabraham\/#\/schema\/person\/image\/\",\"url\":\"https:\/\/secure.gravatar.com\/avatar\/18c88c97ee33922b7882dfaa0108b751?s=96&d=mm&r=g\",\"contentUrl\":\"https:\/\/secure.gravatar.com\/avatar\/18c88c97ee33922b7882dfaa0108b751?s=96&d=mm&r=g\",\"caption\":\"sophie\"},\"logo\":{\"@id\":\"https:\/\/reso-nance.org\/sophieabraham\/#\/schema\/person\/image\/\"},\"description\":\"Apr\u00e8s des \u00e9tudes de litt\u00e9rature et gestion de projets culturels, j'ai travaill\u00e9 dans la m\u00e9diation culturelle avant de passer un Dipl\u00f4me National d'Art \u00e0 l'Ecole des Beaux-Arts de Marseille. Je suis intervenante arts plastiques pour des \u00e9coles, centres sociaux, entre autres.\",\"sameAs\":[\"http:\/\/reso-nance.org\/sophieabraham\"]}]}<\/script>\n<!-- \/ Yoast SEO plugin. -->","yoast_head_json":{"title":"Contact - Sophie Abraham","robots":{"index":"index","follow":"follow","max-snippet":"max-snippet:-1","max-image-preview":"max-image-preview:large","max-video-preview":"max-video-preview:-1"},"canonical":"https:\/\/reso-nance.org\/sophieabraham\/contact\/","og_locale":"fr_FR","og_type":"article","og_title":"Contact - Sophie Abraham","og_description":"Contactez moi via ce formulaire, Merci et \u00e0 bient\u00f4t !","og_url":"https:\/\/reso-nance.org\/sophieabraham\/contact\/","og_site_name":"Sophie Abraham","article_modified_time":"2020-04-16T20:00:32+00:00","twitter_card":"summary_large_image","schema":{"@context":"https:\/\/schema.org","@graph":[{"@type":"WebPage","@id":"https:\/\/reso-nance.org\/sophieabraham\/contact\/","url":"https:\/\/reso-nance.org\/sophieabraham\/contact\/","name":"Contact - Sophie Abraham","isPartOf":{"@id":"https:\/\/reso-nance.org\/sophieabraham\/#website"},"datePublished":"2020-04-15T20:21:38+00:00","dateModified":"2020-04-16T20:00:32+00:00","breadcrumb":{"@id":"https:\/\/reso-nance.org\/sophieabraham\/contact\/#breadcrumb"},"inLanguage":"fr-FR","potentialAction":[{"@type":"ReadAction","target":["https:\/\/reso-nance.org\/sophieabraham\/contact\/"]}]},{"@type":"BreadcrumbList","@id":"https:\/\/reso-nance.org\/sophieabraham\/contact\/#breadcrumb","itemListElement":[{"@type":"ListItem","position":1,"name":"Accueil","item":"https:\/\/reso-nance.org\/sophieabraham\/"},{"@type":"ListItem","position":2,"name":"Contact"}]},{"@type":"WebSite","@id":"https:\/\/reso-nance.org\/sophieabraham\/#website","url":"https:\/\/reso-nance.org\/sophieabraham\/","name":"Sophie Abraham - Arts visuels et ateliers","description":"","publisher":{"@id":"https:\/\/reso-nance.org\/sophieabraham\/#\/schema\/person\/4f45bbb47675973d82d19935df8a3f8f"},"potentialAction":[{"@type":"SearchAction","target":{"@type":"EntryPoint","urlTemplate":"https:\/\/reso-nance.org\/sophieabraham\/?s={search_term_string}"},"query-input":"required name=search_term_string"}],"inLanguage":"fr-FR"},{"@type":["Person","Organization"],"@id":"https:\/\/reso-nance.org\/sophieabraham\/#\/schema\/person\/4f45bbb47675973d82d19935df8a3f8f","name":"sophie","image":{"@type":"ImageObject","inLanguage":"fr-FR","@id":"https:\/\/reso-nance.org\/sophieabraham\/#\/schema\/person\/image\/","url":"https:\/\/secure.gravatar.com\/avatar\/18c88c97ee33922b7882dfaa0108b751?s=96&d=mm&r=g","contentUrl":"https:\/\/secure.gravatar.com\/avatar\/18c88c97ee33922b7882dfaa0108b751?s=96&d=mm&r=g","caption":"sophie"},"logo":{"@id":"https:\/\/reso-nance.org\/sophieabraham\/#\/schema\/person\/image\/"},"description":"Apr\u00e8s des \u00e9tudes de litt\u00e9rature et gestion de projets culturels, j'ai travaill\u00e9 dans la m\u00e9diation culturelle avant de passer un Dipl\u00f4me National d'Art \u00e0 l'Ecole des Beaux-Arts de Marseille. Je suis intervenante arts plastiques pour des \u00e9coles, centres sociaux, entre autres.","sameAs":["http:\/\/reso-nance.org\/sophieabraham"]}]}},"_links":{"self":[{"href":"https:\/\/reso-nance.org\/sophieabraham\/wp-json\/wp\/v2\/pages\/8"}],"collection":[{"href":"https:\/\/reso-nance.org\/sophieabraham\/wp-json\/wp\/v2\/pages"}],"about":[{"href":"https:\/\/reso-nance.org\/sophieabraham\/wp-json\/wp\/v2\/types\/page"}],"author":[{"embeddable":true,"href":"https:\/\/reso-nance.org\/sophieabraham\/wp-json\/wp\/v2\/users\/1"}],"replies":[{"embeddable":true,"href":"https:\/\/reso-nance.org\/sophieabraham\/wp-json\/wp\/v2\/comments?post=8"}],"version-history":[{"count":5,"href":"https:\/\/reso-nance.org\/sophieabraham\/wp-json\/wp\/v2\/pages\/8\/revisions"}],"predecessor-version":[{"id":433,"href":"https:\/\/reso-nance.org\/sophieabraham\/wp-json\/wp\/v2\/pages\/8\/revisions\/433"}],"wp:attachment":[{"href":"https:\/\/reso-nance.org\/sophieabraham\/wp-json\/wp\/v2\/media?parent=8"}],"curies":[{"name":"wp","href":"https:\/\/api.w.org\/{rel}","templated":true}]}}